{"id":3474,"date":"2025-12-25T08:04:52","date_gmt":"2025-12-25T08:04:52","guid":{"rendered":"https:\/\/brunnenhof.it\/posizione-e-come-arrivare\/"},"modified":"2026-01-25T15:33:53","modified_gmt":"2026-01-25T15:33:53","slug":"posizione-e-come-arrivare","status":"publish","type":"page","link":"https:\/\/brunnenhof.it\/it\/posizione-e-come-arrivare\/","title":{"rendered":"Posizione e come arrivare"},"content":{"rendered":"\t\t<div data-elementor-type=\"wp-page\" data-elementor-id=\"3474\" class=\"elementor elementor-3474 elementor-3098\" data-elementor-post-type=\"page\">\n\t\t\t\t<div class=\"elementor-element elementor-element-7c1b0dc e-con-full e-flex e-con e-parent\" data-id=\"7c1b0dc\" data-element_type=\"container\" data-e-type=\"container\" data-settings=\"{&quot;shape_divider_bottom&quot;:&quot;mountains&quot;}\">\n\t\t\t\t<div class=\"elementor-shape elementor-shape-bottom\" aria-hidden=\"true\" data-negative=\"false\">\n\t\t\t<svg xmlns=\"http:\/\/www.w3.org\/2000\/svg\" viewBox=\"0 0 1000 100\" preserveAspectRatio=\"none\">\n\t<path class=\"elementor-shape-fill\" opacity=\"0.33\" d=\"M473,67.3c-203.9,88.3-263.1-34-320.3,0C66,119.1,0,59.7,0,59.7V0h1000v59.7 c0,0-62.1,26.1-94.9,29.3c-32.8,3.3-62.8-12.3-75.8-22.1C806,49.6,745.3,8.7,694.9,4.7S492.4,59,473,67.3z\"\/>\n\t<path class=\"elementor-shape-fill\" opacity=\"0.66\" d=\"M734,67.3c-45.5,0-77.2-23.2-129.1-39.1c-28.6-8.7-150.3-10.1-254,39.1 s-91.7-34.4-149.2,0C115.7,118.3,0,39.8,0,39.8V0h1000v36.5c0,0-28.2-18.5-92.1-18.5C810.2,18.1,775.7,67.3,734,67.3z\"\/>\n\t<path class=\"elementor-shape-fill\" d=\"M766.1,28.9c-200-57.5-266,65.5-395.1,19.5C242,1.8,242,5.4,184.8,20.6C128,35.8,132.3,44.9,89.9,52.5C28.6,63.7,0,0,0,0 h1000c0,0-9.9,40.9-83.6,48.1S829.6,47,766.1,28.9z\"\/>\n<\/svg>\t\t<\/div>\n\t\t<div class=\"elementor-element elementor-element-2d0b801 hero-reveal e-con-full e-flex e-con e-child\" data-id=\"2d0b801\" data-element_type=\"container\" data-e-type=\"container\" data-settings=\"{&quot;background_background&quot;:&quot;classic&quot;}\">\n\t\t<div class=\"elementor-element elementor-element-a0f1d9e hero-text-reveal e-flex e-con-boxed e-con e-child\" data-id=\"a0f1d9e\" data-element_type=\"container\" data-e-type=\"container\">\n\t\t\t\t\t<div class=\"e-con-inner\">\n\t\t\t\t<div class=\"elementor-element elementor-element-f9e2a4e hero-text-1 elementor-widget__width-initial elementor-widget-mobile__width-inherit elementor-widget elementor-widget-heading\" data-id=\"f9e2a4e\" data-element_type=\"widget\" data-e-type=\"widget\" data-widget_type=\"heading.default\">\n\t\t\t\t\t<h1 class=\"elementor-heading-title elementor-size-default\">Posizione e come arrivare<\/h1>\t\t\t\t<\/div>\n\t\t\t\t\t<\/div>\n\t\t\t\t<\/div>\n\t\t\t\t<\/div>\n\t\t\t\t<\/div>\n\t\t<div class=\"elementor-element elementor-element-b01b2ba e-flex e-con-boxed e-con e-parent\" data-id=\"b01b2ba\" data-element_type=\"container\" data-e-type=\"container\">\n\t\t\t\t\t<div class=\"e-con-inner\">\n\t\t<div class=\"elementor-element elementor-element-e664208 e-con-full e-flex e-con e-child\" data-id=\"e664208\" data-element_type=\"container\" data-e-type=\"container\">\n\t\t<div class=\"elementor-element elementor-element-eb5e77e e-con-full info-card e-flex e-con e-child\" data-id=\"eb5e77e\" data-element_type=\"container\" data-e-type=\"container\" data-settings=\"{&quot;background_background&quot;:&quot;classic&quot;}\">\n\t\t\t\t<div class=\"elementor-element elementor-element-b3beb1c elementor-view-stacked elementor-shape-circle elementor-widget elementor-widget-icon\" data-id=\"b3beb1c\" data-element_type=\"widget\" data-e-type=\"widget\" data-widget_type=\"icon.default\">\n\t\t\t\t\t\t\t<div class=\"elementor-icon-wrapper\">\n\t\t\t<div class=\"elementor-icon\">\n\t\t\t<svg aria-hidden=\"true\" class=\"e-font-icon-svg e-fas-map-marked-alt\" viewBox=\"0 0 576 512\" xmlns=\"http:\/\/www.w3.org\/2000\/svg\"><path d=\"M288 0c-69.59 0-126 56.41-126 126 0 56.26 82.35 158.8 113.9 196.02 6.39 7.54 17.82 7.54 24.2 0C331.65 284.8 414 182.26 414 126 414 56.41 357.59 0 288 0zm0 168c-23.2 0-42-18.8-42-42s18.8-42 42-42 42 18.8 42 42-18.8 42-42 42zM20.12 215.95A32.006 32.006 0 0 0 0 245.66v250.32c0 11.32 11.43 19.06 21.94 14.86L160 448V214.92c-8.84-15.98-16.07-31.54-21.25-46.42L20.12 215.95zM288 359.67c-14.07 0-27.38-6.18-36.51-16.96-19.66-23.2-40.57-49.62-59.49-76.72v182l192 64V266c-18.92 27.09-39.82 53.52-59.49 76.72-9.13 10.77-22.44 16.95-36.51 16.95zm266.06-198.51L416 224v288l139.88-55.95A31.996 31.996 0 0 0 576 426.34V176.02c0-11.32-11.43-19.06-21.94-14.86z\"><\/path><\/svg>\t\t\t<\/div>\n\t\t<\/div>\n\t\t\t\t\t\t<\/div>\n\t\t\t\t<div class=\"elementor-element elementor-element-ad53ede elementor-widget elementor-widget-heading\" data-id=\"ad53ede\" data-element_type=\"widget\" data-e-type=\"widget\" data-widget_type=\"heading.default\">\n\t\t\t\t\t<h2 class=\"elementor-heading-title elementor-size-default\">Come trovarci<\/h2>\t\t\t\t<\/div>\n\t\t\t\t<div class=\"elementor-element elementor-element-41a42d8 elementor-widget elementor-widget-text-editor\" data-id=\"41a42d8\" data-element_type=\"widget\" data-e-type=\"widget\" data-widget_type=\"text-editor.default\">\n\t\t\t\t\t\t\t\t\t<p>Il Brunnenhof si trova in posizione tranquilla e soleggiata in Via Vigneti a Caldaro, in una posizione ideale tra il centro del paese, i sentieri escursionistici e i vigneti.<\/p>\t\t\t\t\t\t\t\t<\/div>\n\t\t\t\t<div class=\"elementor-element elementor-element-4f9a7e0 elementor-icon-list--layout-traditional elementor-list-item-link-full_width elementor-widget elementor-widget-icon-list\" data-id=\"4f9a7e0\" data-element_type=\"widget\" data-e-type=\"widget\" data-widget_type=\"icon-list.default\">\n\t\t\t\t\t\t\t<ul class=\"elementor-icon-list-items\">\n\t\t\t\t\t\t\t<li class=\"elementor-icon-list-item\">\n\t\t\t\t\t\t\t\t\t\t\t<span class=\"elementor-icon-list-icon\">\n\t\t\t\t\t\t\t<svg aria-hidden=\"true\" class=\"e-font-icon-svg e-fas-chevron-circle-right\" viewBox=\"0 0 512 512\" xmlns=\"http:\/\/www.w3.org\/2000\/svg\"><path d=\"M256 8c137 0 248 111 248 248S393 504 256 504 8 393 8 256 119 8 256 8zm113.9 231L234.4 103.5c-9.4-9.4-24.6-9.4-33.9 0l-17 17c-9.4 9.4-9.4 24.6 0 33.9L285.1 256 183.5 357.6c-9.4 9.4-9.4 24.6 0 33.9l17 17c9.4 9.4 24.6 9.4 33.9 0L369.9 273c9.4-9.4 9.4-24.6 0-34z\"><\/path><\/svg>\t\t\t\t\t\t<\/span>\n\t\t\t\t\t\t\t\t\t\t<span class=\"elementor-icon-list-text\"><b>Il nostro indirizzo \u00e8:<\/b> Via Vigneti 15, 39052 Caldaro sulla Strada del Vino, Alto Adige.<\/span>\n\t\t\t\t\t\t\t\t\t<\/li>\n\t\t\t\t\t\t\t\t<li class=\"elementor-icon-list-item\">\n\t\t\t\t\t\t\t\t\t\t\t<span class=\"elementor-icon-list-icon\">\n\t\t\t\t\t\t\t<svg aria-hidden=\"true\" class=\"e-font-icon-svg e-fas-chevron-circle-right\" viewBox=\"0 0 512 512\" xmlns=\"http:\/\/www.w3.org\/2000\/svg\"><path d=\"M256 8c137 0 248 111 248 248S393 504 256 504 8 393 8 256 119 8 256 8zm113.9 231L234.4 103.5c-9.4-9.4-24.6-9.4-33.9 0l-17 17c-9.4 9.4-9.4 24.6 0 33.9L285.1 256 183.5 357.6c-9.4 9.4-9.4 24.6 0 33.9l17 17c9.4 9.4 24.6 9.4 33.9 0L369.9 273c9.4-9.4 9.4-24.6 0-34z\"><\/path><\/svg>\t\t\t\t\t\t<\/span>\n\t\t\t\t\t\t\t\t\t\t<span class=\"elementor-icon-list-text\">Per domande o feedback, potete contattarci in qualsiasi momento al numero <b><a href=\"tel:+39 0471 963311\">+39 0471 963311.<\/b><\/a><\/span>\n\t\t\t\t\t\t\t\t\t<\/li>\n\t\t\t\t\t\t<\/ul>\n\t\t\t\t\t\t<\/div>\n\t\t\t\t<\/div>\n\t\t<div class=\"elementor-element elementor-element-5f54e7e e-con-full info-card e-flex e-con e-child\" data-id=\"5f54e7e\" data-element_type=\"container\" data-e-type=\"container\" data-settings=\"{&quot;background_background&quot;:&quot;classic&quot;}\">\n\t\t\t\t<div class=\"elementor-element elementor-element-605a0a4 elementor-view-stacked elementor-shape-circle elementor-widget elementor-widget-icon\" data-id=\"605a0a4\" data-element_type=\"widget\" data-e-type=\"widget\" data-widget_type=\"icon.default\">\n\t\t\t\t\t\t\t<div class=\"elementor-icon-wrapper\">\n\t\t\t<div class=\"elementor-icon\">\n\t\t\t<svg aria-hidden=\"true\" class=\"e-font-icon-svg e-fas-map-signs\" viewBox=\"0 0 512 512\" xmlns=\"http:\/\/www.w3.org\/2000\/svg\"><path d=\"M507.31 84.69L464 41.37c-6-6-14.14-9.37-22.63-9.37H288V16c0-8.84-7.16-16-16-16h-32c-8.84 0-16 7.16-16 16v16H56c-13.25 0-24 10.75-24 24v80c0 13.25 10.75 24 24 24h385.37c8.49 0 16.62-3.37 22.63-9.37l43.31-43.31c6.25-6.26 6.25-16.38 0-22.63zM224 496c0 8.84 7.16 16 16 16h32c8.84 0 16-7.16 16-16V384h-64v112zm232-272H288v-32h-64v32H70.63c-8.49 0-16.62 3.37-22.63 9.37L4.69 276.69c-6.25 6.25-6.25 16.38 0 22.63L48 342.63c6 6 14.14 9.37 22.63 9.37H456c13.25 0 24-10.75 24-24v-80c0-13.25-10.75-24-24-24z\"><\/path><\/svg>\t\t\t<\/div>\n\t\t<\/div>\n\t\t\t\t\t\t<\/div>\n\t\t\t\t<div class=\"elementor-element elementor-element-5ed064c elementor-widget elementor-widget-heading\" data-id=\"5ed064c\" data-element_type=\"widget\" data-e-type=\"widget\" data-widget_type=\"heading.default\">\n\t\t\t\t\t<h2 class=\"elementor-heading-title elementor-size-default\">Il vostro arrivo a Caldaro<\/h2>\t\t\t\t<\/div>\n\t\t\t\t<div class=\"elementor-element elementor-element-a9acbd2 elementor-widget elementor-widget-text-editor\" data-id=\"a9acbd2\" data-element_type=\"widget\" data-e-type=\"widget\" data-widget_type=\"text-editor.default\">\n\t\t\t\t\t\t\t\t\t<p>Se arrivate in auto, seguite l&#8217;uscita autostradale Bolzano Sud e prendete la superstrada MEBO in direzione Merano. Prendete l&#8217;uscita &#8220;Appiano\/Caldaro&#8221; e seguite la Strada del Vino fino a Caldaro. Alla prima rotonda, svoltate in Via Maria-Theresien e proseguite fino a Piazza Rottenburg, dove svolterete a destra in Via Mendel. Poco dopo, sulla sinistra si dirama Via Maria-von-M\u00f6rl; alla fermata dell&#8217;autobus, svoltate a destra in Via Vigneti. Il Brunnenhof si trova sulla destra.    <\/p>\t\t\t\t\t\t\t\t<\/div>\n\t\t\t\t<\/div>\n\t\t\t\t<\/div>\n\t\t<div class=\"elementor-element elementor-element-8761194 e-con-full e-flex e-con e-child\" data-id=\"8761194\" data-element_type=\"container\" data-e-type=\"container\">\n\t\t<div class=\"elementor-element elementor-element-d2bbea3 e-con-full info-card e-flex e-con e-child\" data-id=\"d2bbea3\" data-element_type=\"container\" data-e-type=\"container\" data-settings=\"{&quot;background_background&quot;:&quot;classic&quot;}\">\n\t\t\t\t<div class=\"elementor-element elementor-element-ce8d133 elementor-view-stacked elementor-shape-circle elementor-widget elementor-widget-icon\" data-id=\"ce8d133\" data-element_type=\"widget\" data-e-type=\"widget\" data-widget_type=\"icon.default\">\n\t\t\t\t\t\t\t<div class=\"elementor-icon-wrapper\">\n\t\t\t<div class=\"elementor-icon\">\n\t\t\t<svg aria-hidden=\"true\" class=\"e-font-icon-svg e-fas-bus\" viewBox=\"0 0 512 512\" xmlns=\"http:\/\/www.w3.org\/2000\/svg\"><path d=\"M488 128h-8V80c0-44.8-99.2-80-224-80S32 35.2 32 80v48h-8c-13.25 0-24 10.74-24 24v80c0 13.25 10.75 24 24 24h8v160c0 17.67 14.33 32 32 32v32c0 17.67 14.33 32 32 32h32c17.67 0 32-14.33 32-32v-32h192v32c0 17.67 14.33 32 32 32h32c17.67 0 32-14.33 32-32v-32h6.4c16 0 25.6-12.8 25.6-25.6V256h8c13.25 0 24-10.75 24-24v-80c0-13.26-10.75-24-24-24zM112 400c-17.67 0-32-14.33-32-32s14.33-32 32-32 32 14.33 32 32-14.33 32-32 32zm16-112c-17.67 0-32-14.33-32-32V128c0-17.67 14.33-32 32-32h256c17.67 0 32 14.33 32 32v128c0 17.67-14.33 32-32 32H128zm272 112c-17.67 0-32-14.33-32-32s14.33-32 32-32 32 14.33 32 32-14.33 32-32 32z\"><\/path><\/svg>\t\t\t<\/div>\n\t\t<\/div>\n\t\t\t\t\t\t<\/div>\n\t\t\t\t<div class=\"elementor-element elementor-element-8f2fd52 elementor-widget elementor-widget-heading\" data-id=\"8f2fd52\" data-element_type=\"widget\" data-e-type=\"widget\" data-widget_type=\"heading.default\">\n\t\t\t\t\t<h2 class=\"elementor-heading-title elementor-size-default\">Mezzi pubblici<\/h2>\t\t\t\t<\/div>\n\t\t\t\t<div class=\"elementor-element elementor-element-6a2f4c5 elementor-widget elementor-widget-text-editor\" data-id=\"6a2f4c5\" data-element_type=\"widget\" data-e-type=\"widget\" data-widget_type=\"text-editor.default\">\n\t\t\t\t\t\t\t\t\t<p>I viaggiatori in treno o autobus possono raggiungere Caldaro facilmente tramite la stazione ferroviaria di Bolzano. Da l\u00ec, partono regolarmente autobus di linea per Caldaro. La fermata dell&#8217;autobus pi\u00f9 vicina si trova a pochi minuti a piedi dal Brunnenhof. Gli ospiti ricevono la Mobilcard gratuitamente, che consente di utilizzare i mezzi pubblici dell&#8217;Alto Adige comodamente e senza costi aggiuntivi.   <\/p>\t\t\t\t\t\t\t\t<\/div>\n\t\t\t\t<\/div>\n\t\t<div class=\"elementor-element elementor-element-becb444 e-con-full info-card e-flex e-con e-child\" data-id=\"becb444\" data-element_type=\"container\" data-e-type=\"container\" data-settings=\"{&quot;background_background&quot;:&quot;classic&quot;}\">\n\t\t\t\t<div class=\"elementor-element elementor-element-0f94808 elementor-view-stacked elementor-shape-circle elementor-widget elementor-widget-icon\" data-id=\"0f94808\" data-element_type=\"widget\" data-e-type=\"widget\" data-widget_type=\"icon.default\">\n\t\t\t\t\t\t\t<div class=\"elementor-icon-wrapper\">\n\t\t\t<div class=\"elementor-icon\">\n\t\t\t<svg aria-hidden=\"true\" class=\"e-font-icon-svg e-fas-parking\" viewBox=\"0 0 448 512\" xmlns=\"http:\/\/www.w3.org\/2000\/svg\"><path d=\"M400 32H48C21.5 32 0 53.5 0 80v352c0 26.5 21.5 48 48 48h352c26.5 0 48-21.5 48-48V80c0-26.5-21.5-48-48-48zM240 320h-48v48c0 8.8-7.2 16-16 16h-32c-8.8 0-16-7.2-16-16V144c0-8.8 7.2-16 16-16h96c52.9 0 96 43.1 96 96s-43.1 96-96 96zm0-128h-48v64h48c17.6 0 32-14.4 32-32s-14.4-32-32-32z\"><\/path><\/svg>\t\t\t<\/div>\n\t\t<\/div>\n\t\t\t\t\t\t<\/div>\n\t\t\t\t<div class=\"elementor-element elementor-element-3fbe731 elementor-widget elementor-widget-heading\" data-id=\"3fbe731\" data-element_type=\"widget\" data-e-type=\"widget\" data-widget_type=\"heading.default\">\n\t\t\t\t\t<h2 class=\"elementor-heading-title elementor-size-default\">Parcheggio e arrivo<\/h2>\t\t\t\t<\/div>\n\t\t\t\t<div class=\"elementor-element elementor-element-1738b84 elementor-widget elementor-widget-text-editor\" data-id=\"1738b84\" data-element_type=\"widget\" data-e-type=\"widget\" data-widget_type=\"text-editor.default\">\n\t\t\t\t\t\t\t\t\t<p>In loco sono disponibili parcheggi gratuiti. Biciclette ed e-bike possono essere riposte in sicurezza nel deposito biciclette. La vostra camera o appartamento sar\u00e0 disponibile a partire dalle ore 13:00 circa; se l&#8217;arrivo \u00e8 previsto dopo le ore 18:00, \u00e8 sufficiente un breve messaggio. Il giorno della partenza, vi chiediamo di liberare la camera entro le ore 10:00; il giardino e la zona piscina possono comunque essere utilizzati.   <\/p>\t\t\t\t\t\t\t\t<\/div>\n\t\t\t\t<\/div>\n\t\t\t\t<\/div>\n\t\t\t\t\t<\/div>\n\t\t\t\t<\/div>\n\t\t\t\t<\/div>\n\t\t","protected":false},"excerpt":{"rendered":"<p>Posizione e come arrivare Come trovarci Il Brunnenhof si trova in posizione tranquilla e soleggiata in Via Vigneti a Caldaro, in una posizione ideale tra il centro del paese, i sentieri escursionistici e i vigneti. Il nostro indirizzo \u00e8: Via Vigneti 15, 39052 Caldaro sulla Strada del Vino, Alto Adige. Per domande o feedback, potete [&hellip;]<\/p>\n","protected":false},"author":2,"featured_media":3452,"parent":0,"menu_order":0,"comment_status":"closed","ping_status":"closed","template":"","meta":{"_acf_changed":false,"footnotes":""},"class_list":["post-3474","page","type-page","status-publish","has-post-thumbnail","hentry"],"acf":[],"yoast_head":"<!-- This site is optimized with the Yoast SEO plugin v27.2 - https:\/\/yoast.com\/product\/yoast-seo-wordpress\/ -->\n<title>Posizione e come arrivare - Brunnenhof Kaltern<\/title>\n<meta name=\"description\" content=\"Esplora i dintorni di Caldaro: natura, vigneti, laghi e numerose mete escursionistiche nei pressi del Brunnenhof.\" \/>\n<meta name=\"robots\" content=\"index, follow, max-snippet:-1, max-image-preview:large, max-video-preview:-1\" \/>\n<link rel=\"canonical\" href=\"https:\/\/brunnenhof.it\/it\/posizione-e-come-arrivare\/\" \/>\n<meta property=\"og:locale\" content=\"it_IT\" \/>\n<meta property=\"og:type\" content=\"article\" \/>\n<meta property=\"og:title\" content=\"Posizione e come arrivare - Brunnenhof Kaltern\" \/>\n<meta property=\"og:description\" content=\"Esplora i dintorni di Caldaro: natura, vigneti, laghi e numerose mete escursionistiche nei pressi del Brunnenhof.\" \/>\n<meta property=\"og:url\" content=\"https:\/\/brunnenhof.it\/it\/posizione-e-come-arrivare\/\" \/>\n<meta property=\"og:site_name\" content=\"Brunnenhof Kaltern\" \/>\n<meta property=\"article:modified_time\" content=\"2026-01-25T15:33:53+00:00\" \/>\n<meta property=\"og:image\" content=\"https:\/\/brunnenhof.it\/wp-content\/uploads\/2025\/12\/logo-accent-1.webp\" \/>\n\t<meta property=\"og:image:width\" content=\"1043\" \/>\n\t<meta property=\"og:image:height\" content=\"450\" \/>\n\t<meta property=\"og:image:type\" content=\"image\/webp\" \/>\n<meta name=\"twitter:card\" content=\"summary_large_image\" \/>\n<meta name=\"twitter:label1\" content=\"Tempo di lettura stimato\" \/>\n\t<meta name=\"twitter:data1\" content=\"2 minuti\" \/>\n<script type=\"application\/ld+json\" class=\"yoast-schema-graph\">{\"@context\":\"https:\/\/schema.org\",\"@graph\":[{\"@type\":\"WebPage\",\"@id\":\"https:\/\/brunnenhof.it\/it\/posizione-e-come-arrivare\/\",\"url\":\"https:\/\/brunnenhof.it\/it\/posizione-e-come-arrivare\/\",\"name\":\"Posizione e come arrivare - Brunnenhof Kaltern\",\"isPartOf\":{\"@id\":\"http:\/\/brunnenhof.it\/it\/#website\"},\"primaryImageOfPage\":{\"@id\":\"https:\/\/brunnenhof.it\/it\/posizione-e-come-arrivare\/#primaryimage\"},\"image\":{\"@id\":\"https:\/\/brunnenhof.it\/it\/posizione-e-come-arrivare\/#primaryimage\"},\"thumbnailUrl\":\"https:\/\/brunnenhof.it\/wp-content\/uploads\/2025\/12\/logo-accent-1.webp\",\"datePublished\":\"2025-12-25T08:04:52+00:00\",\"dateModified\":\"2026-01-25T15:33:53+00:00\",\"description\":\"Esplora i dintorni di Caldaro: natura, vigneti, laghi e numerose mete escursionistiche nei pressi del Brunnenhof.\",\"breadcrumb\":{\"@id\":\"https:\/\/brunnenhof.it\/it\/posizione-e-come-arrivare\/#breadcrumb\"},\"inLanguage\":\"it-IT\",\"potentialAction\":[{\"@type\":\"ReadAction\",\"target\":[\"https:\/\/brunnenhof.it\/it\/posizione-e-come-arrivare\/\"]}]},{\"@type\":\"ImageObject\",\"inLanguage\":\"it-IT\",\"@id\":\"https:\/\/brunnenhof.it\/it\/posizione-e-come-arrivare\/#primaryimage\",\"url\":\"https:\/\/brunnenhof.it\/wp-content\/uploads\/2025\/12\/logo-accent-1.webp\",\"contentUrl\":\"https:\/\/brunnenhof.it\/wp-content\/uploads\/2025\/12\/logo-accent-1.webp\",\"width\":1043,\"height\":450},{\"@type\":\"BreadcrumbList\",\"@id\":\"https:\/\/brunnenhof.it\/it\/posizione-e-come-arrivare\/#breadcrumb\",\"itemListElement\":[{\"@type\":\"ListItem\",\"position\":1,\"name\":\"Home\",\"item\":\"https:\/\/brunnenhof.it\/it\/home-2\/\"},{\"@type\":\"ListItem\",\"position\":2,\"name\":\"Posizione e come arrivare\"}]},{\"@type\":\"WebSite\",\"@id\":\"http:\/\/brunnenhof.it\/it\/#website\",\"url\":\"http:\/\/brunnenhof.it\/it\/\",\"name\":\"Brunnenhof Kaltern\",\"description\":\"\",\"publisher\":{\"@id\":\"http:\/\/brunnenhof.it\/it\/#organization\"},\"potentialAction\":[{\"@type\":\"SearchAction\",\"target\":{\"@type\":\"EntryPoint\",\"urlTemplate\":\"http:\/\/brunnenhof.it\/it\/?s={search_term_string}\"},\"query-input\":{\"@type\":\"PropertyValueSpecification\",\"valueRequired\":true,\"valueName\":\"search_term_string\"}}],\"inLanguage\":\"it-IT\"},{\"@type\":\"Organization\",\"@id\":\"http:\/\/brunnenhof.it\/it\/#organization\",\"name\":\"Brunnenhof Kaltern\",\"url\":\"http:\/\/brunnenhof.it\/it\/\",\"logo\":{\"@type\":\"ImageObject\",\"inLanguage\":\"it-IT\",\"@id\":\"http:\/\/brunnenhof.it\/it\/#\/schema\/logo\/image\/\",\"url\":\"https:\/\/brunnenhof.it\/wp-content\/uploads\/2025\/07\/logo.png\",\"contentUrl\":\"https:\/\/brunnenhof.it\/wp-content\/uploads\/2025\/07\/logo.png\",\"width\":322,\"height\":145,\"caption\":\"Brunnenhof Kaltern\"},\"image\":{\"@id\":\"http:\/\/brunnenhof.it\/it\/#\/schema\/logo\/image\/\"}}]}<\/script>\n<!-- \/ Yoast SEO plugin. -->","yoast_head_json":{"title":"Posizione e come arrivare - Brunnenhof Kaltern","description":"Esplora i dintorni di Caldaro: natura, vigneti, laghi e numerose mete escursionistiche nei pressi del Brunnenhof.","robots":{"index":"index","follow":"follow","max-snippet":"max-snippet:-1","max-image-preview":"max-image-preview:large","max-video-preview":"max-video-preview:-1"},"canonical":"https:\/\/brunnenhof.it\/it\/posizione-e-come-arrivare\/","og_locale":"it_IT","og_type":"article","og_title":"Posizione e come arrivare - Brunnenhof Kaltern","og_description":"Esplora i dintorni di Caldaro: natura, vigneti, laghi e numerose mete escursionistiche nei pressi del Brunnenhof.","og_url":"https:\/\/brunnenhof.it\/it\/posizione-e-come-arrivare\/","og_site_name":"Brunnenhof Kaltern","article_modified_time":"2026-01-25T15:33:53+00:00","og_image":[{"width":1043,"height":450,"url":"https:\/\/brunnenhof.it\/wp-content\/uploads\/2025\/12\/logo-accent-1.webp","type":"image\/webp"}],"twitter_card":"summary_large_image","twitter_misc":{"Tempo di lettura stimato":"2 minuti"},"schema":{"@context":"https:\/\/schema.org","@graph":[{"@type":"WebPage","@id":"https:\/\/brunnenhof.it\/it\/posizione-e-come-arrivare\/","url":"https:\/\/brunnenhof.it\/it\/posizione-e-come-arrivare\/","name":"Posizione e come arrivare - Brunnenhof Kaltern","isPartOf":{"@id":"http:\/\/brunnenhof.it\/it\/#website"},"primaryImageOfPage":{"@id":"https:\/\/brunnenhof.it\/it\/posizione-e-come-arrivare\/#primaryimage"},"image":{"@id":"https:\/\/brunnenhof.it\/it\/posizione-e-come-arrivare\/#primaryimage"},"thumbnailUrl":"https:\/\/brunnenhof.it\/wp-content\/uploads\/2025\/12\/logo-accent-1.webp","datePublished":"2025-12-25T08:04:52+00:00","dateModified":"2026-01-25T15:33:53+00:00","description":"Esplora i dintorni di Caldaro: natura, vigneti, laghi e numerose mete escursionistiche nei pressi del Brunnenhof.","breadcrumb":{"@id":"https:\/\/brunnenhof.it\/it\/posizione-e-come-arrivare\/#breadcrumb"},"inLanguage":"it-IT","potentialAction":[{"@type":"ReadAction","target":["https:\/\/brunnenhof.it\/it\/posizione-e-come-arrivare\/"]}]},{"@type":"ImageObject","inLanguage":"it-IT","@id":"https:\/\/brunnenhof.it\/it\/posizione-e-come-arrivare\/#primaryimage","url":"https:\/\/brunnenhof.it\/wp-content\/uploads\/2025\/12\/logo-accent-1.webp","contentUrl":"https:\/\/brunnenhof.it\/wp-content\/uploads\/2025\/12\/logo-accent-1.webp","width":1043,"height":450},{"@type":"BreadcrumbList","@id":"https:\/\/brunnenhof.it\/it\/posizione-e-come-arrivare\/#breadcrumb","itemListElement":[{"@type":"ListItem","position":1,"name":"Home","item":"https:\/\/brunnenhof.it\/it\/home-2\/"},{"@type":"ListItem","position":2,"name":"Posizione e come arrivare"}]},{"@type":"WebSite","@id":"http:\/\/brunnenhof.it\/it\/#website","url":"http:\/\/brunnenhof.it\/it\/","name":"Brunnenhof Kaltern","description":"","publisher":{"@id":"http:\/\/brunnenhof.it\/it\/#organization"},"potentialAction":[{"@type":"SearchAction","target":{"@type":"EntryPoint","urlTemplate":"http:\/\/brunnenhof.it\/it\/?s={search_term_string}"},"query-input":{"@type":"PropertyValueSpecification","valueRequired":true,"valueName":"search_term_string"}}],"inLanguage":"it-IT"},{"@type":"Organization","@id":"http:\/\/brunnenhof.it\/it\/#organization","name":"Brunnenhof Kaltern","url":"http:\/\/brunnenhof.it\/it\/","logo":{"@type":"ImageObject","inLanguage":"it-IT","@id":"http:\/\/brunnenhof.it\/it\/#\/schema\/logo\/image\/","url":"https:\/\/brunnenhof.it\/wp-content\/uploads\/2025\/07\/logo.png","contentUrl":"https:\/\/brunnenhof.it\/wp-content\/uploads\/2025\/07\/logo.png","width":322,"height":145,"caption":"Brunnenhof Kaltern"},"image":{"@id":"http:\/\/brunnenhof.it\/it\/#\/schema\/logo\/image\/"}}]}},"_links":{"self":[{"href":"https:\/\/brunnenhof.it\/it\/wp-json\/wp\/v2\/pages\/3474","targetHints":{"allow":["GET"]}}],"collection":[{"href":"https:\/\/brunnenhof.it\/it\/wp-json\/wp\/v2\/pages"}],"about":[{"href":"https:\/\/brunnenhof.it\/it\/wp-json\/wp\/v2\/types\/page"}],"author":[{"embeddable":true,"href":"https:\/\/brunnenhof.it\/it\/wp-json\/wp\/v2\/users\/2"}],"replies":[{"embeddable":true,"href":"https:\/\/brunnenhof.it\/it\/wp-json\/wp\/v2\/comments?post=3474"}],"version-history":[{"count":22,"href":"https:\/\/brunnenhof.it\/it\/wp-json\/wp\/v2\/pages\/3474\/revisions"}],"predecessor-version":[{"id":4187,"href":"https:\/\/brunnenhof.it\/it\/wp-json\/wp\/v2\/pages\/3474\/revisions\/4187"}],"wp:featuredmedia":[{"embeddable":true,"href":"https:\/\/brunnenhof.it\/it\/wp-json\/wp\/v2\/media\/3452"}],"wp:attachment":[{"href":"https:\/\/brunnenhof.it\/it\/wp-json\/wp\/v2\/media?parent=3474"}],"curies":[{"name":"wp","href":"https:\/\/api.w.org\/{rel}","templated":true}]}}